{"id":24639,"date":"2020-05-06T14:20:18","date_gmt":"2020-05-06T12:20:18","guid":{"rendered":"https:\/\/www.cheyennecarronsavons.com\/?post_type=product&#038;p=24639"},"modified":"2022-04-16T22:03:20","modified_gmt":"2022-04-16T20:03:20","slug":"le-corps-sauvage","status":"publish","type":"product","link":"https:\/\/folkparis.com\/en\/product\/le-corps-sauvage\/","title":{"rendered":"Le Corps Sauvage"},"content":{"rendered":"<p>Le s\u00e9rum \u00e0 barbe <em>Le Corps sauvage<\/em> est sp\u00e9cialement con\u00e7u pour toutes les barbes. Un condens\u00e9 du meilleur de la nature dans un flacon format poche de 30ml :\u00a0Huile de ricin, huile de jojoba, huile d\u2019amande douce, de baobab et de tournesol le tout issus de l\u2019agriculture biologique.<strong>\u00a0<\/strong><\/p>\n<p>L\u2019huile \u00e0 barbe <em>Le Corps Sauvage<\/em> est sp\u00e9cialement con\u00e7ue pour assouplir et nourrir les barbes longues et \u00e9paisses.<br \/>\nVous modelez et prot\u00e9gez votre barbe, laquelle conserve ainsi tout son lustre et sa \u00ab contr\u00f4labilit\u00e9 \u00bb. L\u2019huile \u00e0 barbe pr\u00e9sente un parfum sensuel et viril unique.<\/p>","protected":false},"excerpt":{"rendered":"<p><strong>30ml<\/strong><\/p>\n<p>Le s\u00e9rum \u00e0 barbe <em>Le Corps sauvage<\/em> est sp\u00e9cialement con\u00e7u pour toutes les barbes. Un condens\u00e9 du meilleur de la nature dans un flacon format poche de 30ml : Huile de ricin, huile de jojoba, huile d\u2019amande douce, de baobab et de tournesol le tout issu de l\u2019agriculture biologique.<\/p>","protected":false},"featured_media":24904,"comment_status":"open","ping_status":"closed","template":"","meta":{"_acf_changed":false,"_et_pb_use_builder":"off","_et_pb_old_content":"Le s\u00e9rum \u00e0 barbe <em>Le Corps sauvage<\/em> est sp\u00e9cialement con\u00e7u pour toutes les barbes. Un condens\u00e9 du meilleur de la nature dans un flacon format poche de 30ml : Huile de ricin, huile de jojoba, huile d\u2019amande douce, de baobab et de tournesol le tout issu de l\u2019agriculture biologique.\r\n\r\nL\u2019huile \u00e0 barbe <em>Le Corps Sauvage<\/em> est sp\u00e9cialement con\u00e7ue pour assouplir et nourrir les barbes longues et \u00e9paisses.\r\nVous modelez et prot\u00e9gez votre barbe, laquelle conserve ainsi tout son lustre et sa \u00ab contr\u00f4labilit\u00e9 \u00bb. L\u2019huile \u00e0 barbe pr\u00e9sente un parfum sensuel et viril unique.","_et_gb_content_width":""},"product_brand":[],"product_cat":[31],"product_tag":[],"class_list":{"0":"post-24639","1":"product","2":"type-product","3":"status-publish","4":"has-post-thumbnail","6":"product_cat-huile-a-barbe","8":"first","9":"instock","10":"taxable","11":"shipping-taxable","12":"purchasable","13":"product-type-simple"},"acf":[],"jetpack_sharing_enabled":true,"_links":{"self":[{"href":"https:\/\/folkparis.com\/en\/wp-json\/wp\/v2\/product\/24639","targetHints":{"allow":["GET"]}}],"collection":[{"href":"https:\/\/folkparis.com\/en\/wp-json\/wp\/v2\/product"}],"about":[{"href":"https:\/\/folkparis.com\/en\/wp-json\/wp\/v2\/types\/product"}],"replies":[{"embeddable":true,"href":"https:\/\/folkparis.com\/en\/wp-json\/wp\/v2\/comments?post=24639"}],"wp:featuredmedia":[{"embeddable":true,"href":"https:\/\/folkparis.com\/en\/wp-json\/wp\/v2\/media\/24904"}],"wp:attachment":[{"href":"https:\/\/folkparis.com\/en\/wp-json\/wp\/v2\/media?parent=24639"}],"wp:term":[{"taxonomy":"product_brand","embeddable":true,"href":"https:\/\/folkparis.com\/en\/wp-json\/wp\/v2\/product_brand?post=24639"},{"taxonomy":"product_cat","embeddable":true,"href":"https:\/\/folkparis.com\/en\/wp-json\/wp\/v2\/product_cat?post=24639"},{"taxonomy":"product_tag","embeddable":true,"href":"https:\/\/folkparis.com\/en\/wp-json\/wp\/v2\/product_tag?post=24639"}],"curies":[{"name":"wp","href":"https:\/\/api.w.org\/{rel}","templated":true}]}}