{"id":26186,"date":"2021-05-26T13:09:56","date_gmt":"2021-05-26T11:09:56","guid":{"rendered":"https:\/\/www.cheyennecarronsavons.com\/?post_type=product&#038;p=26186"},"modified":"2025-12-25T20:48:31","modified_gmt":"2025-12-25T19:48:31","slug":"aoyama","status":"publish","type":"product","link":"https:\/\/folkparis.com\/en\/product\/aoyama\/","title":{"rendered":"Les coussins Ayoma \u2013 Le murmure de la nature"},"content":{"rendered":"<p data-start=\"197\" data-end=\"455\">Ayoma \u2013 Le murmure de la nature. Les coussins <strong data-start=\"210\" data-end=\"219\">Ayoma<\/strong> invitent \u00e0 la contemplation. Leur motif d\u00e9licat, presque dessin\u00e9 \u00e0 l\u2019encre, \u00e9voque des branches l\u00e9g\u00e8res, des oiseaux en suspension et le calme d\u2019un matin immobile. Une nature po\u00e9tique, subtile, qui semble flotter entre r\u00eave et r\u00e9alit\u00e9.<\/p>\n<p data-start=\"457\" data-end=\"816\">Les teintes douces et min\u00e9rales d\u2019Ayoma apportent une lumi\u00e8re apaisante \u00e0 l\u2019int\u00e9rieur. Elles se marient naturellement avec des mati\u00e8res brutes comme le lin, le bois ou la pierre, et cr\u00e9ent une atmosph\u00e8re sereine, \u00e9l\u00e9gante et profond\u00e9ment intemporelle. Chaque coussin devient un point d\u2019\u00e9quilibre, un souffle de calme pos\u00e9 sur un canap\u00e9, un fauteuil ou un lit.<\/p>\n<p data-start=\"818\" data-end=\"1075\">Pens\u00e9s comme de v\u00e9ritables objets d\u00e9coratifs, les coussins Ayoma habillent l\u2019espace sans jamais l\u2019alourdir. Leur graphisme a\u00e9rien et leur palette raffin\u00e9e racontent une histoire de nature respect\u00e9e, de beaut\u00e9 simple et d\u2019art de vivre inspir\u00e9 par l\u2019ailleurs.<\/p>\n<p data-start=\"1077\" data-end=\"1233\">Ayoma, c\u2019est l\u2019art de ralentir. Une invitation \u00e0 s\u2019installer, \u00e0 observer la lumi\u00e8re changer, \u00e0 savourer le silence et la douceur d\u2019un int\u00e9rieur qui respire.<\/p>","protected":false},"excerpt":{"rendered":"<p data-start=\"197\" data-end=\"455\">Ayoma \u2013 Le murmure de la nature. Les coussins <strong data-start=\"210\" data-end=\"219\">Ayoma<\/strong> invitent \u00e0 la contemplation. Leur motif d\u00e9licat, presque dessin\u00e9 \u00e0 l\u2019encre, \u00e9voque des branches l\u00e9g\u00e8res, des oiseaux en suspension et le calme d\u2019un matin immobile. Une nature po\u00e9tique, subtile, qui semble flotter entre r\u00eave et r\u00e9alit\u00e9.<\/p>\n<p data-start=\"1077\" data-end=\"1233\">","protected":false},"featured_media":29824,"comment_status":"open","ping_status":"closed","template":"","meta":{"_acf_changed":false,"_et_pb_use_builder":"","_et_pb_old_content":"","_et_gb_content_width":""},"product_brand":[],"product_cat":[51],"product_tag":[],"class_list":{"0":"post-26186","1":"product","2":"type-product","3":"status-publish","4":"has-post-thumbnail","6":"product_cat-coussins","7":"product_shipping_class-maison","9":"first","10":"instock","11":"taxable","12":"shipping-taxable","13":"purchasable","14":"product-type-simple"},"acf":[],"jetpack_sharing_enabled":true,"_links":{"self":[{"href":"https:\/\/folkparis.com\/en\/wp-json\/wp\/v2\/product\/26186","targetHints":{"allow":["GET"]}}],"collection":[{"href":"https:\/\/folkparis.com\/en\/wp-json\/wp\/v2\/product"}],"about":[{"href":"https:\/\/folkparis.com\/en\/wp-json\/wp\/v2\/types\/product"}],"replies":[{"embeddable":true,"href":"https:\/\/folkparis.com\/en\/wp-json\/wp\/v2\/comments?post=26186"}],"wp:featuredmedia":[{"embeddable":true,"href":"https:\/\/folkparis.com\/en\/wp-json\/wp\/v2\/media\/29824"}],"wp:attachment":[{"href":"https:\/\/folkparis.com\/en\/wp-json\/wp\/v2\/media?parent=26186"}],"wp:term":[{"taxonomy":"product_brand","embeddable":true,"href":"https:\/\/folkparis.com\/en\/wp-json\/wp\/v2\/product_brand?post=26186"},{"taxonomy":"product_cat","embeddable":true,"href":"https:\/\/folkparis.com\/en\/wp-json\/wp\/v2\/product_cat?post=26186"},{"taxonomy":"product_tag","embeddable":true,"href":"https:\/\/folkparis.com\/en\/wp-json\/wp\/v2\/product_tag?post=26186"}],"curies":[{"name":"wp","href":"https:\/\/api.w.org\/{rel}","templated":true}]}}