{"id":28471,"date":"2023-12-27T18:49:05","date_gmt":"2023-12-27T17:49:05","guid":{"rendered":"https:\/\/folkparis.com\/?post_type=product&#038;p=28471"},"modified":"2024-11-22T15:53:23","modified_gmt":"2024-11-22T14:53:23","slug":"lenchantement-de-nos-forets-vert","status":"publish","type":"product","link":"https:\/\/folkparis.com\/en\/product\/lenchantement-de-nos-forets-vert\/","title":{"rendered":"L&rsquo;enchantement de nos for\u00eats &#8211; Vert"},"content":{"rendered":"<p class=\"svelte-1n2si6q\"><span class=\"Apple-converted-space\">Faites entrer la Nature dans vos maisons ! Les motifs v\u00e9g\u00e9taux apporteront une touche de nature sauvage dans vos int\u00e9rieurs. <\/span>Qu&rsquo;il s&rsquo;agisse de votre chambre \u00e0 coucher, de votre salle \u00e0 manger ou de votre salon, ces coussins, L&rsquo;enchantement des for\u00eats, apporteront une touche de po\u00e9sie dans votre foyer.<\/p>","protected":false},"excerpt":{"rendered":"<p><span class=\"Apple-converted-space\">Faites entrer la Nature dans vos maisons ! Les motifs v\u00e9g\u00e9taux apporteront une touche de nature sauvage dans vos int\u00e9rieurs. <\/span>Qu&rsquo;il s&rsquo;agisse de votre chambre \u00e0 coucher, de votre salle \u00e0 manger ou de votre salon, ces coussins, L&rsquo;enchantement des for\u00eats, apporteront une touche de po\u00e9sie dans votre foyer.<\/p>","protected":false},"featured_media":28474,"comment_status":"open","ping_status":"closed","template":"","meta":{"_acf_changed":false,"_et_pb_use_builder":"","_et_pb_old_content":"","_et_gb_content_width":""},"product_brand":[],"product_cat":[51,70],"product_tag":[],"class_list":{"0":"post-28471","1":"product","2":"type-product","3":"status-publish","4":"has-post-thumbnail","6":"product_cat-coussins","7":"product_cat-decoration","8":"product_shipping_class-maison","10":"first","11":"instock","12":"taxable","13":"shipping-taxable","14":"purchasable","15":"product-type-simple"},"acf":[],"jetpack_sharing_enabled":true,"_links":{"self":[{"href":"https:\/\/folkparis.com\/en\/wp-json\/wp\/v2\/product\/28471","targetHints":{"allow":["GET"]}}],"collection":[{"href":"https:\/\/folkparis.com\/en\/wp-json\/wp\/v2\/product"}],"about":[{"href":"https:\/\/folkparis.com\/en\/wp-json\/wp\/v2\/types\/product"}],"replies":[{"embeddable":true,"href":"https:\/\/folkparis.com\/en\/wp-json\/wp\/v2\/comments?post=28471"}],"wp:featuredmedia":[{"embeddable":true,"href":"https:\/\/folkparis.com\/en\/wp-json\/wp\/v2\/media\/28474"}],"wp:attachment":[{"href":"https:\/\/folkparis.com\/en\/wp-json\/wp\/v2\/media?parent=28471"}],"wp:term":[{"taxonomy":"product_brand","embeddable":true,"href":"https:\/\/folkparis.com\/en\/wp-json\/wp\/v2\/product_brand?post=28471"},{"taxonomy":"product_cat","embeddable":true,"href":"https:\/\/folkparis.com\/en\/wp-json\/wp\/v2\/product_cat?post=28471"},{"taxonomy":"product_tag","embeddable":true,"href":"https:\/\/folkparis.com\/en\/wp-json\/wp\/v2\/product_tag?post=28471"}],"curies":[{"name":"wp","href":"https:\/\/api.w.org\/{rel}","templated":true}]}}