{"id":28798,"date":"2024-11-25T10:34:53","date_gmt":"2024-11-25T09:34:53","guid":{"rendered":"https:\/\/folkparis.com\/?post_type=product&#038;p=28798"},"modified":"2024-11-25T10:51:07","modified_gmt":"2024-11-25T09:51:07","slug":"saladier-athenee","status":"publish","type":"product","link":"https:\/\/folkparis.com\/en\/product\/saladier-athenee\/","title":{"rendered":"Ath\u00e9n\u00e9e salad bowl"},"content":{"rendered":"<p>ATH\u00c9N\u00c9E salad bowl of great elegance in white porcelain enhanced with a delicate relief.<\/p>\n<p>&nbsp;<\/p>\n<p>Contenance : 1 litre<\/p>\n<p>Passe au lave-vaisselle, au micro-ondes et au four.<\/p>","protected":false},"excerpt":{"rendered":"<p>ATH\u00c9N\u00c9E salad bowl of great elegance in white porcelain enhanced with a delicate relief.<\/p>","protected":false},"featured_media":28797,"comment_status":"open","ping_status":"closed","template":"","meta":{"_acf_changed":false,"_et_pb_use_builder":"","_et_pb_old_content":"","_et_gb_content_width":""},"product_brand":[],"product_cat":[45],"product_tag":[],"class_list":{"0":"post-28798","1":"product","2":"type-product","3":"status-publish","4":"has-post-thumbnail","6":"product_cat-art-de-la-table","7":"product_shipping_class-arts","9":"first","10":"instock","11":"taxable","12":"shipping-taxable","13":"purchasable","14":"product-type-simple"},"acf":[],"jetpack_sharing_enabled":true,"_links":{"self":[{"href":"https:\/\/folkparis.com\/en\/wp-json\/wp\/v2\/product\/28798","targetHints":{"allow":["GET"]}}],"collection":[{"href":"https:\/\/folkparis.com\/en\/wp-json\/wp\/v2\/product"}],"about":[{"href":"https:\/\/folkparis.com\/en\/wp-json\/wp\/v2\/types\/product"}],"replies":[{"embeddable":true,"href":"https:\/\/folkparis.com\/en\/wp-json\/wp\/v2\/comments?post=28798"}],"wp:featuredmedia":[{"embeddable":true,"href":"https:\/\/folkparis.com\/en\/wp-json\/wp\/v2\/media\/28797"}],"wp:attachment":[{"href":"https:\/\/folkparis.com\/en\/wp-json\/wp\/v2\/media?parent=28798"}],"wp:term":[{"taxonomy":"product_brand","embeddable":true,"href":"https:\/\/folkparis.com\/en\/wp-json\/wp\/v2\/product_brand?post=28798"},{"taxonomy":"product_cat","embeddable":true,"href":"https:\/\/folkparis.com\/en\/wp-json\/wp\/v2\/product_cat?post=28798"},{"taxonomy":"product_tag","embeddable":true,"href":"https:\/\/folkparis.com\/en\/wp-json\/wp\/v2\/product_tag?post=28798"}],"curies":[{"name":"wp","href":"https:\/\/api.w.org\/{rel}","templated":true}]}}