{"id":28799,"date":"2024-11-25T10:43:37","date_gmt":"2024-11-25T09:43:37","guid":{"rendered":"https:\/\/folkparis.com\/?post_type=product&#038;p=28799"},"modified":"2024-11-25T10:43:37","modified_gmt":"2024-11-25T09:43:37","slug":"vase-diane","status":"publish","type":"product","link":"https:\/\/folkparis.com\/en\/product\/vase-diane\/","title":{"rendered":"Diane Vase"},"content":{"rendered":"<p>The modern and refined lines of the DIANE vase make it a true work of art.<\/p>\n<p>A touch of elegance on a table or a chest of drawers, will bring an antique chic to your interiors.<\/p>\n<p>Il est conseill\u00e9 d\u2019utiliser un dessous de verre pour nous vases d\u00e9coratifs. En raison de la fabrication artisanale, de petites fissures peuvent apparaitre, ce qui peut affecter l\u2019\u00e9tanch\u00e9it\u00e9 de nos vases dans certains cas.<\/p>","protected":false},"excerpt":{"rendered":"<p>The modern and refined lines of the DIANE vase make it a true work of art.<\/p>\n<p>A touch of elegance on a table or a chest of drawers, will bring an antique chic to your interiors.<\/p>","protected":false},"featured_media":28788,"comment_status":"open","ping_status":"closed","template":"","meta":{"_acf_changed":false,"_et_pb_use_builder":"","_et_pb_old_content":"","_et_gb_content_width":""},"product_brand":[],"product_cat":[45,70],"product_tag":[],"class_list":{"0":"post-28799","1":"product","2":"type-product","3":"status-publish","4":"has-post-thumbnail","6":"product_cat-art-de-la-table","7":"product_cat-decoration","8":"product_shipping_class-arts","10":"first","11":"instock","12":"taxable","13":"shipping-taxable","14":"purchasable","15":"product-type-simple"},"acf":[],"jetpack_sharing_enabled":true,"_links":{"self":[{"href":"https:\/\/folkparis.com\/en\/wp-json\/wp\/v2\/product\/28799","targetHints":{"allow":["GET"]}}],"collection":[{"href":"https:\/\/folkparis.com\/en\/wp-json\/wp\/v2\/product"}],"about":[{"href":"https:\/\/folkparis.com\/en\/wp-json\/wp\/v2\/types\/product"}],"replies":[{"embeddable":true,"href":"https:\/\/folkparis.com\/en\/wp-json\/wp\/v2\/comments?post=28799"}],"wp:featuredmedia":[{"embeddable":true,"href":"https:\/\/folkparis.com\/en\/wp-json\/wp\/v2\/media\/28788"}],"wp:attachment":[{"href":"https:\/\/folkparis.com\/en\/wp-json\/wp\/v2\/media?parent=28799"}],"wp:term":[{"taxonomy":"product_brand","embeddable":true,"href":"https:\/\/folkparis.com\/en\/wp-json\/wp\/v2\/product_brand?post=28799"},{"taxonomy":"product_cat","embeddable":true,"href":"https:\/\/folkparis.com\/en\/wp-json\/wp\/v2\/product_cat?post=28799"},{"taxonomy":"product_tag","embeddable":true,"href":"https:\/\/folkparis.com\/en\/wp-json\/wp\/v2\/product_tag?post=28799"}],"curies":[{"name":"wp","href":"https:\/\/api.w.org\/{rel}","templated":true}]}}