{"id":28856,"date":"2024-12-02T13:36:03","date_gmt":"2024-12-02T12:36:03","guid":{"rendered":"https:\/\/folkparis.com\/?post_type=product&#038;p=28856"},"modified":"2024-12-10T04:57:55","modified_gmt":"2024-12-10T03:57:55","slug":"jardin-des-indes","status":"publish","type":"product","link":"https:\/\/folkparis.com\/en\/product\/jardin-des-indes\/","title":{"rendered":"Coussins Jardin des Indes"},"content":{"rendered":"<p>Superbe coussin d\u00e9coratif, brod\u00e9 de perles. Ce coussin est une invitation \u00e0 la r\u00eaverie, les Indes voluptueuses, les salons embrum\u00e9s d\u2019opium et de parfums. Un songe lointain\u2026<br \/>\nCe coussin est un v\u00e9ritable objet d\u2019art. Il donnera une touche d\u2019exotisme et l\u2019\u00e9l\u00e9gance \u00e0 votre salon.<\/p>\n<p>Vendu \u00e0 l\u2019unit\u00e9. Vendu avec le coussin de garnissage.<\/p>","protected":false},"excerpt":{"rendered":"<p>Superbe coussin d\u00e9coratif, brod\u00e9 de perles. Ce coussin est une invitation \u00e0 la r\u00eaverie, les Indes voluptueuses, les salons embrum\u00e9s d\u2019opium et de parfums. Un songe lointain\u2026<br \/>\nCe coussin est un v\u00e9ritable objet d\u2019art. Il donnera une touche d\u2019exotisme et l\u2019\u00e9l\u00e9gance \u00e0 votre salon.<\/p>","protected":false},"featured_media":28858,"comment_status":"open","ping_status":"closed","template":"","meta":{"_acf_changed":false,"_et_pb_use_builder":"","_et_pb_old_content":"","_et_gb_content_width":""},"product_brand":[],"product_cat":[51],"product_tag":[],"class_list":{"0":"post-28856","1":"product","2":"type-product","3":"status-publish","4":"has-post-thumbnail","6":"product_cat-coussins","7":"product_shipping_class-maison","9":"first","10":"instock","11":"taxable","12":"shipping-taxable","13":"purchasable","14":"product-type-simple"},"acf":[],"jetpack_sharing_enabled":true,"_links":{"self":[{"href":"https:\/\/folkparis.com\/en\/wp-json\/wp\/v2\/product\/28856","targetHints":{"allow":["GET"]}}],"collection":[{"href":"https:\/\/folkparis.com\/en\/wp-json\/wp\/v2\/product"}],"about":[{"href":"https:\/\/folkparis.com\/en\/wp-json\/wp\/v2\/types\/product"}],"replies":[{"embeddable":true,"href":"https:\/\/folkparis.com\/en\/wp-json\/wp\/v2\/comments?post=28856"}],"wp:featuredmedia":[{"embeddable":true,"href":"https:\/\/folkparis.com\/en\/wp-json\/wp\/v2\/media\/28858"}],"wp:attachment":[{"href":"https:\/\/folkparis.com\/en\/wp-json\/wp\/v2\/media?parent=28856"}],"wp:term":[{"taxonomy":"product_brand","embeddable":true,"href":"https:\/\/folkparis.com\/en\/wp-json\/wp\/v2\/product_brand?post=28856"},{"taxonomy":"product_cat","embeddable":true,"href":"https:\/\/folkparis.com\/en\/wp-json\/wp\/v2\/product_cat?post=28856"},{"taxonomy":"product_tag","embeddable":true,"href":"https:\/\/folkparis.com\/en\/wp-json\/wp\/v2\/product_tag?post=28856"}],"curies":[{"name":"wp","href":"https:\/\/api.w.org\/{rel}","templated":true}]}}