{"id":28939,"date":"2024-12-04T16:22:08","date_gmt":"2024-12-04T15:22:08","guid":{"rendered":"https:\/\/folkparis.com\/?post_type=product&#038;p=28939"},"modified":"2024-12-04T16:34:11","modified_gmt":"2024-12-04T15:34:11","slug":"28939","status":"publish","type":"product","link":"https:\/\/folkparis.com\/en\/product\/28939\/","title":{"rendered":"Display \"A Sunday in the Countryside\""},"content":{"rendered":"","protected":false},"excerpt":{"rendered":"<p>An elegance and purity for this display stand that will delight your tables.\nIn a simplicity of style, this classic display stand will be perfectly at its best when you have decorated it according to your desires.\nFor multiple ideas of decorative arrangements!<span class=\"Apple-converted-space\">\u00a0<\/span>Dans une simplicit\u00e9 de style, ce pr\u00e9sentoir rustique sera parfaitement \u00e0 son avantage lorsque vous l&rsquo;aurez agr\u00e9ment\u00e9 selon vos d\u00e9sirs.<span class=\"Apple-converted-space\">\u00a0<\/span><\/p>","protected":false},"featured_media":28943,"comment_status":"open","ping_status":"closed","template":"","meta":{"_acf_changed":false,"_et_pb_use_builder":"","_et_pb_old_content":"","_et_gb_content_width":""},"product_brand":[],"product_cat":[45,70,71],"product_tag":[],"class_list":{"0":"post-28939","1":"product","2":"type-product","3":"status-publish","4":"has-post-thumbnail","6":"product_cat-art-de-la-table","7":"product_cat-decoration","8":"product_cat-idees-cadeaux","10":"first","11":"instock","12":"taxable","13":"shipping-taxable","14":"purchasable","15":"product-type-simple"},"acf":[],"jetpack_sharing_enabled":true,"_links":{"self":[{"href":"https:\/\/folkparis.com\/en\/wp-json\/wp\/v2\/product\/28939","targetHints":{"allow":["GET"]}}],"collection":[{"href":"https:\/\/folkparis.com\/en\/wp-json\/wp\/v2\/product"}],"about":[{"href":"https:\/\/folkparis.com\/en\/wp-json\/wp\/v2\/types\/product"}],"replies":[{"embeddable":true,"href":"https:\/\/folkparis.com\/en\/wp-json\/wp\/v2\/comments?post=28939"}],"wp:featuredmedia":[{"embeddable":true,"href":"https:\/\/folkparis.com\/en\/wp-json\/wp\/v2\/media\/28943"}],"wp:attachment":[{"href":"https:\/\/folkparis.com\/en\/wp-json\/wp\/v2\/media?parent=28939"}],"wp:term":[{"taxonomy":"product_brand","embeddable":true,"href":"https:\/\/folkparis.com\/en\/wp-json\/wp\/v2\/product_brand?post=28939"},{"taxonomy":"product_cat","embeddable":true,"href":"https:\/\/folkparis.com\/en\/wp-json\/wp\/v2\/product_cat?post=28939"},{"taxonomy":"product_tag","embeddable":true,"href":"https:\/\/folkparis.com\/en\/wp-json\/wp\/v2\/product_tag?post=28939"}],"curies":[{"name":"wp","href":"https:\/\/api.w.org\/{rel}","templated":true}]}}