{"id":29125,"date":"2025-06-05T11:29:11","date_gmt":"2025-06-05T09:29:11","guid":{"rendered":"https:\/\/folkparis.com\/?post_type=product&#038;p=29125"},"modified":"2025-12-17T18:16:57","modified_gmt":"2025-12-17T17:16:57","slug":"couverts-sonate-dautomne","status":"publish","type":"product","link":"https:\/\/folkparis.com\/en\/product\/couverts-sonate-dautomne\/","title":{"rendered":"Couverts  \u00ab\u00a0Sonate d\u2019Automne\u00a0\u00bb"},"content":{"rendered":"<p class=\"p1\">Des couverts aux d\u00e9corations \u00e9l\u00e9gantes, qui \u00e9voquent l\u2019enchantement de nos for\u00eats. Parfait pour dresser des tables raffin\u00e9es qui s\u00e9duiront vos invit\u00e9s !<\/p>","protected":false},"excerpt":{"rendered":"<p>Des couverts aux d\u00e9corations \u00e9l\u00e9gantes, qui \u00e9voquent l\u2019enchantement de nos for\u00eats. Parfait pour dresser des tables raffin\u00e9es qui s\u00e9duiront vos invit\u00e9s !<\/p>","protected":false},"featured_media":29115,"comment_status":"open","ping_status":"closed","template":"","meta":{"_acf_changed":false,"_et_pb_use_builder":"","_et_pb_old_content":"","_et_gb_content_width":""},"product_brand":[],"product_cat":[45,71],"product_tag":[],"class_list":{"0":"post-29125","1":"product","2":"type-product","3":"status-publish","4":"has-post-thumbnail","6":"product_cat-art-de-la-table","7":"product_cat-idees-cadeaux","9":"first","10":"instock","11":"taxable","12":"shipping-taxable","13":"purchasable","14":"product-type-simple"},"acf":[],"jetpack_sharing_enabled":true,"_links":{"self":[{"href":"https:\/\/folkparis.com\/en\/wp-json\/wp\/v2\/product\/29125","targetHints":{"allow":["GET"]}}],"collection":[{"href":"https:\/\/folkparis.com\/en\/wp-json\/wp\/v2\/product"}],"about":[{"href":"https:\/\/folkparis.com\/en\/wp-json\/wp\/v2\/types\/product"}],"replies":[{"embeddable":true,"href":"https:\/\/folkparis.com\/en\/wp-json\/wp\/v2\/comments?post=29125"}],"wp:featuredmedia":[{"embeddable":true,"href":"https:\/\/folkparis.com\/en\/wp-json\/wp\/v2\/media\/29115"}],"wp:attachment":[{"href":"https:\/\/folkparis.com\/en\/wp-json\/wp\/v2\/media?parent=29125"}],"wp:term":[{"taxonomy":"product_brand","embeddable":true,"href":"https:\/\/folkparis.com\/en\/wp-json\/wp\/v2\/product_brand?post=29125"},{"taxonomy":"product_cat","embeddable":true,"href":"https:\/\/folkparis.com\/en\/wp-json\/wp\/v2\/product_cat?post=29125"},{"taxonomy":"product_tag","embeddable":true,"href":"https:\/\/folkparis.com\/en\/wp-json\/wp\/v2\/product_tag?post=29125"}],"curies":[{"name":"wp","href":"https:\/\/api.w.org\/{rel}","templated":true}]}}