{"id":29157,"date":"2025-06-17T15:11:46","date_gmt":"2025-06-17T13:11:46","guid":{"rendered":"https:\/\/folkparis.com\/?post_type=product&#038;p=29157"},"modified":"2025-12-18T15:54:58","modified_gmt":"2025-12-18T14:54:58","slug":"fragment-de-diane","status":"publish","type":"product","link":"https:\/\/folkparis.com\/en\/product\/fragment-de-diane\/","title":{"rendered":"Fragment de Diane"},"content":{"rendered":"<p class=\"p1\">Le fragment de Diane. Symbole de la beaut\u00e9, serait l\u2019incarnation f\u00e9minine de la lumi\u00e8re. Repr\u00e9sent\u00e9e ici en \u00ab fragment \u00bb comme tout juste sortie des fouilles des ruines d\u2019un temple.<\/p>","protected":false},"excerpt":{"rendered":"<p>Le fragment de Diane. Symbole de la beaut\u00e9, serait l\u2019incarnation f\u00e9minine de la lumi\u00e8re. Repr\u00e9sent\u00e9e ici en \u00ab fragment \u00bb comme tout juste sortie des fouilles des ruines d\u2019un temple.<\/p>","protected":false},"featured_media":29151,"comment_status":"open","ping_status":"closed","template":"","meta":{"_acf_changed":false,"_et_pb_use_builder":"","_et_pb_old_content":"","_et_gb_content_width":""},"product_brand":[],"product_cat":[73],"product_tag":[],"class_list":{"0":"post-29157","1":"product","2":"type-product","3":"status-publish","4":"has-post-thumbnail","6":"product_cat-art-antique","8":"first","9":"instock","10":"taxable","11":"shipping-taxable","12":"purchasable","13":"product-type-simple"},"acf":[],"jetpack_sharing_enabled":true,"_links":{"self":[{"href":"https:\/\/folkparis.com\/en\/wp-json\/wp\/v2\/product\/29157","targetHints":{"allow":["GET"]}}],"collection":[{"href":"https:\/\/folkparis.com\/en\/wp-json\/wp\/v2\/product"}],"about":[{"href":"https:\/\/folkparis.com\/en\/wp-json\/wp\/v2\/types\/product"}],"replies":[{"embeddable":true,"href":"https:\/\/folkparis.com\/en\/wp-json\/wp\/v2\/comments?post=29157"}],"wp:featuredmedia":[{"embeddable":true,"href":"https:\/\/folkparis.com\/en\/wp-json\/wp\/v2\/media\/29151"}],"wp:attachment":[{"href":"https:\/\/folkparis.com\/en\/wp-json\/wp\/v2\/media?parent=29157"}],"wp:term":[{"taxonomy":"product_brand","embeddable":true,"href":"https:\/\/folkparis.com\/en\/wp-json\/wp\/v2\/product_brand?post=29157"},{"taxonomy":"product_cat","embeddable":true,"href":"https:\/\/folkparis.com\/en\/wp-json\/wp\/v2\/product_cat?post=29157"},{"taxonomy":"product_tag","embeddable":true,"href":"https:\/\/folkparis.com\/en\/wp-json\/wp\/v2\/product_tag?post=29157"}],"curies":[{"name":"wp","href":"https:\/\/api.w.org\/{rel}","templated":true}]}}