{"id":29160,"date":"2025-06-17T15:32:08","date_gmt":"2025-06-17T13:32:08","guid":{"rendered":"https:\/\/folkparis.com\/?post_type=product&#038;p=29160"},"modified":"2025-06-17T15:32:09","modified_gmt":"2025-06-17T13:32:09","slug":"buste-le-discophore","status":"publish","type":"product","link":"https:\/\/folkparis.com\/en\/product\/buste-le-discophore\/","title":{"rendered":"Buste Le Discophore\u00a0"},"content":{"rendered":"<p class=\"p1\">Buste \u00ab\u00a0Le Discophore \u00bb. Ce buste de discophore reproduit le fragment d&rsquo;une statue originale en bronze, aujourd&rsquo;hui perdue, cr\u00e9\u00e9e par le sculpteur grec Naucyd\u00e8s, au d\u00e9but du IVe si\u00e8cle av. J.-C. La concentration de son regard montre toute la tension qui devait pr\u00e9c\u00e9der le lancer du disque. La reproduction enti\u00e8re de la statue est conserv\u00e9e dans les galeries du Mus\u00e9e du Louvre.<\/p>","protected":false},"excerpt":{"rendered":"<p>Buste Le Discophore . Ce buste de discophore reproduit le fragment d&rsquo;une statue originale en bronze, aujourd&rsquo;hui perdue, cr\u00e9\u00e9e par le sculpteur grec Naucyd\u00e8s, au d\u00e9but du IVe si\u00e8cle av. J.-C. La concentration de son regard montre toute la tension qui devait pr\u00e9c\u00e9der le lancer du disque. La reproduction enti\u00e8re de la statue est conserv\u00e9e dans les galeries du Mus\u00e9e du Louvre.<\/p>","protected":false},"featured_media":29145,"comment_status":"open","ping_status":"closed","template":"","meta":{"_acf_changed":false,"_et_pb_use_builder":"","_et_pb_old_content":"","_et_gb_content_width":""},"product_brand":[],"product_cat":[73],"product_tag":[],"class_list":{"0":"post-29160","1":"product","2":"type-product","3":"status-publish","4":"has-post-thumbnail","6":"product_cat-art-antique","8":"first","9":"instock","10":"taxable","11":"shipping-taxable","12":"purchasable","13":"product-type-simple"},"acf":[],"jetpack_sharing_enabled":true,"_links":{"self":[{"href":"https:\/\/folkparis.com\/en\/wp-json\/wp\/v2\/product\/29160","targetHints":{"allow":["GET"]}}],"collection":[{"href":"https:\/\/folkparis.com\/en\/wp-json\/wp\/v2\/product"}],"about":[{"href":"https:\/\/folkparis.com\/en\/wp-json\/wp\/v2\/types\/product"}],"replies":[{"embeddable":true,"href":"https:\/\/folkparis.com\/en\/wp-json\/wp\/v2\/comments?post=29160"}],"wp:featuredmedia":[{"embeddable":true,"href":"https:\/\/folkparis.com\/en\/wp-json\/wp\/v2\/media\/29145"}],"wp:attachment":[{"href":"https:\/\/folkparis.com\/en\/wp-json\/wp\/v2\/media?parent=29160"}],"wp:term":[{"taxonomy":"product_brand","embeddable":true,"href":"https:\/\/folkparis.com\/en\/wp-json\/wp\/v2\/product_brand?post=29160"},{"taxonomy":"product_cat","embeddable":true,"href":"https:\/\/folkparis.com\/en\/wp-json\/wp\/v2\/product_cat?post=29160"},{"taxonomy":"product_tag","embeddable":true,"href":"https:\/\/folkparis.com\/en\/wp-json\/wp\/v2\/product_tag?post=29160"}],"curies":[{"name":"wp","href":"https:\/\/api.w.org\/{rel}","templated":true}]}}