{"id":29176,"date":"2025-10-07T13:59:21","date_gmt":"2025-10-07T11:59:21","guid":{"rendered":"https:\/\/folkparis.com\/?post_type=product&#038;p=29176"},"modified":"2025-10-07T14:00:51","modified_gmt":"2025-10-07T12:00:51","slug":"cale-porte-couronne-collection-la-table-du-roi","status":"publish","type":"product","link":"https:\/\/folkparis.com\/en\/product\/cale-porte-couronne-collection-la-table-du-roi\/","title":{"rendered":"Cale-porte Couronne &#8211; Collection la Table du Roi"},"content":{"rendered":"<p class=\"p1\">Cale-porte Couronne &#8211; Collection La Table du Roi<\/p>\n<p class=\"p2\">El\u00e9gante couronne, en aluminium. Parfait pour retenir avec \u00e9l\u00e9gance vos fen\u00eatres et vos portes.<\/p>","protected":false},"excerpt":{"rendered":"<p class=\"p1\">El\u00e9gante couronne. En aluminium. Parfait pour retenir avec \u00e9l\u00e9gance vos fen\u00eatres et vos portes.<\/p>","protected":false},"featured_media":29177,"comment_status":"open","ping_status":"closed","template":"","meta":{"_acf_changed":false,"_et_pb_use_builder":"","_et_pb_old_content":"","_et_gb_content_width":""},"product_brand":[],"product_cat":[70,71],"product_tag":[],"class_list":{"0":"post-29176","1":"product","2":"type-product","3":"status-publish","4":"has-post-thumbnail","6":"product_cat-decoration","7":"product_cat-idees-cadeaux","9":"first","10":"instock","11":"taxable","12":"shipping-taxable","13":"purchasable","14":"product-type-simple"},"acf":[],"jetpack_sharing_enabled":true,"_links":{"self":[{"href":"https:\/\/folkparis.com\/en\/wp-json\/wp\/v2\/product\/29176","targetHints":{"allow":["GET"]}}],"collection":[{"href":"https:\/\/folkparis.com\/en\/wp-json\/wp\/v2\/product"}],"about":[{"href":"https:\/\/folkparis.com\/en\/wp-json\/wp\/v2\/types\/product"}],"replies":[{"embeddable":true,"href":"https:\/\/folkparis.com\/en\/wp-json\/wp\/v2\/comments?post=29176"}],"wp:featuredmedia":[{"embeddable":true,"href":"https:\/\/folkparis.com\/en\/wp-json\/wp\/v2\/media\/29177"}],"wp:attachment":[{"href":"https:\/\/folkparis.com\/en\/wp-json\/wp\/v2\/media?parent=29176"}],"wp:term":[{"taxonomy":"product_brand","embeddable":true,"href":"https:\/\/folkparis.com\/en\/wp-json\/wp\/v2\/product_brand?post=29176"},{"taxonomy":"product_cat","embeddable":true,"href":"https:\/\/folkparis.com\/en\/wp-json\/wp\/v2\/product_cat?post=29176"},{"taxonomy":"product_tag","embeddable":true,"href":"https:\/\/folkparis.com\/en\/wp-json\/wp\/v2\/product_tag?post=29176"}],"curies":[{"name":"wp","href":"https:\/\/api.w.org\/{rel}","templated":true}]}}