{"id":29254,"date":"2025-10-17T20:49:08","date_gmt":"2025-10-17T18:49:08","guid":{"rendered":"https:\/\/folkparis.com\/?post_type=product&#038;p=29254"},"modified":"2025-10-17T20:49:08","modified_gmt":"2025-10-17T18:49:08","slug":"cadre-lapins-joyeux","status":"publish","type":"product","link":"https:\/\/folkparis.com\/en\/product\/cadre-lapins-joyeux\/","title":{"rendered":"Cadre lapins joyeux."},"content":{"rendered":"<p>Ce cadre photo, orn\u00e9 de petits lapins joyeux, capture bien plus que des images : il fige des instants de bonheur et d\u2019insouciance. Avec leurs oreilles dress\u00e9es et leurs expressions pleines de vie, ces lapins apportent une touche de tendresse et d\u2019innocence \u00e0 votre d\u00e9coration. Parfait pour encadrer un souvenir doux, une photo d\u2019enfant ou un moment en famille, ce cadre invite \u00e0 la r\u00eaverie et \u00e0 la simplicit\u00e9. Une touche champ\u00eatre et pleine de po\u00e9sie, comme un clin d\u2019\u0153il \u00e0 la nature et \u00e0 la joie des petits instants.<\/p>","protected":false},"excerpt":{"rendered":"<p>Ce cadre photo, orn\u00e9 de petits lapins joyeux, capture bien plus que des images : il fige des instants de bonheur et d\u2019insouciance. Avec leurs oreilles dress\u00e9es et leurs expressions pleines de vie, ces lapins apportent une touche de tendresse et d\u2019innocence \u00e0 votre d\u00e9coration. Parfait pour encadrer un souvenir doux, une photo d\u2019enfant ou un moment en famille, ce cadre invite \u00e0 la r\u00eaverie et \u00e0 la simplicit\u00e9. Une touche champ\u00eatre et pleine de po\u00e9sie, comme un clin d\u2019\u0153il \u00e0 la nature et \u00e0 la joie des petits instants.<\/p>","protected":false},"featured_media":29255,"comment_status":"open","ping_status":"closed","template":"","meta":{"_acf_changed":false,"_et_pb_use_builder":"","_et_pb_old_content":"","_et_gb_content_width":""},"product_brand":[],"product_cat":[70,71],"product_tag":[],"class_list":{"0":"post-29254","1":"product","2":"type-product","3":"status-publish","4":"has-post-thumbnail","6":"product_cat-decoration","7":"product_cat-idees-cadeaux","9":"first","10":"instock","11":"taxable","12":"shipping-taxable","13":"purchasable","14":"product-type-simple"},"acf":[],"jetpack_sharing_enabled":true,"_links":{"self":[{"href":"https:\/\/folkparis.com\/en\/wp-json\/wp\/v2\/product\/29254","targetHints":{"allow":["GET"]}}],"collection":[{"href":"https:\/\/folkparis.com\/en\/wp-json\/wp\/v2\/product"}],"about":[{"href":"https:\/\/folkparis.com\/en\/wp-json\/wp\/v2\/types\/product"}],"replies":[{"embeddable":true,"href":"https:\/\/folkparis.com\/en\/wp-json\/wp\/v2\/comments?post=29254"}],"wp:featuredmedia":[{"embeddable":true,"href":"https:\/\/folkparis.com\/en\/wp-json\/wp\/v2\/media\/29255"}],"wp:attachment":[{"href":"https:\/\/folkparis.com\/en\/wp-json\/wp\/v2\/media?parent=29254"}],"wp:term":[{"taxonomy":"product_brand","embeddable":true,"href":"https:\/\/folkparis.com\/en\/wp-json\/wp\/v2\/product_brand?post=29254"},{"taxonomy":"product_cat","embeddable":true,"href":"https:\/\/folkparis.com\/en\/wp-json\/wp\/v2\/product_cat?post=29254"},{"taxonomy":"product_tag","embeddable":true,"href":"https:\/\/folkparis.com\/en\/wp-json\/wp\/v2\/product_tag?post=29254"}],"curies":[{"name":"wp","href":"https:\/\/api.w.org\/{rel}","templated":true}]}}