{"id":29683,"date":"2025-12-21T22:03:25","date_gmt":"2025-12-21T21:03:25","guid":{"rendered":"https:\/\/folkparis.com\/?post_type=product&#038;p=29683"},"modified":"2025-12-21T22:06:18","modified_gmt":"2025-12-21T21:06:18","slug":"commode-antique","status":"publish","type":"product","link":"https:\/\/folkparis.com\/en\/product\/commode-antique\/","title":{"rendered":"Commode Antique"},"content":{"rendered":"<p class=\"p1\">Cette commode s\u00e9duit par la richesse de ses rangements et son charme authentique. R\u00e9alis\u00e9e en bois revaloris\u00e9, elle associe tiroirs de diff\u00e9rentes tailles et poign\u00e9es en m\u00e9tal pour organiser aussi bien les petits objets que le linge du quotidien. Compacte et pleine de caract\u00e8re, elle trouve naturellement sa place dans toutes les pi\u00e8ces de la maison, apportant une touche de style vintage aussi bien aux int\u00e9rieurs classiques qu\u2019aux d\u00e9cors plus contemporains.<\/p>","protected":false},"excerpt":{"rendered":"<p class=\"p1\">Cette commode en bois revaloris\u00e9 offre de nombreux tiroirs de tailles vari\u00e9es pour organiser petits objets et linge avec style. Son design sobre et ses poign\u00e9es en m\u00e9tal lui conf\u00e8rent un charme vintage qui s\u2019int\u00e8gre aussi bien aux int\u00e9rieurs classiques que contemporains.<\/p>","protected":false},"featured_media":29653,"comment_status":"open","ping_status":"closed","template":"","meta":{"_acf_changed":false,"_et_pb_use_builder":"","_et_pb_old_content":"","_et_gb_content_width":""},"product_brand":[],"product_cat":[53],"product_tag":[],"class_list":{"0":"post-29683","1":"product","2":"type-product","3":"status-publish","4":"has-post-thumbnail","6":"product_cat-meubles","7":"product_shipping_class-meubles","9":"first","10":"instock","11":"taxable","12":"shipping-taxable","13":"purchasable","14":"product-type-simple"},"acf":[],"jetpack_sharing_enabled":true,"_links":{"self":[{"href":"https:\/\/folkparis.com\/en\/wp-json\/wp\/v2\/product\/29683","targetHints":{"allow":["GET"]}}],"collection":[{"href":"https:\/\/folkparis.com\/en\/wp-json\/wp\/v2\/product"}],"about":[{"href":"https:\/\/folkparis.com\/en\/wp-json\/wp\/v2\/types\/product"}],"replies":[{"embeddable":true,"href":"https:\/\/folkparis.com\/en\/wp-json\/wp\/v2\/comments?post=29683"}],"wp:featuredmedia":[{"embeddable":true,"href":"https:\/\/folkparis.com\/en\/wp-json\/wp\/v2\/media\/29653"}],"wp:attachment":[{"href":"https:\/\/folkparis.com\/en\/wp-json\/wp\/v2\/media?parent=29683"}],"wp:term":[{"taxonomy":"product_brand","embeddable":true,"href":"https:\/\/folkparis.com\/en\/wp-json\/wp\/v2\/product_brand?post=29683"},{"taxonomy":"product_cat","embeddable":true,"href":"https:\/\/folkparis.com\/en\/wp-json\/wp\/v2\/product_cat?post=29683"},{"taxonomy":"product_tag","embeddable":true,"href":"https:\/\/folkparis.com\/en\/wp-json\/wp\/v2\/product_tag?post=29683"}],"curies":[{"name":"wp","href":"https:\/\/api.w.org\/{rel}","templated":true}]}}